{"id":6551,"date":"2023-07-11T05:52:21","date_gmt":"2023-07-11T05:52:21","guid":{"rendered":"https:\/\/julianus.lv\/?page_id=6551"},"modified":"2023-07-21T16:32:23","modified_gmt":"2023-07-21T16:32:23","slug":"parada-grafika-sastadisana","status":"publish","type":"page","link":"https:\/\/julianus.lv\/en\/for-debtors\/faqs\/parada-grafika-sastadisana\/","title":{"rendered":"Par\u0101da grafika sast\u0101d\u012b\u0161an\u0101"},"content":{"rendered":"<style>\n.video-container {\n  position: relative;\n  padding-bottom: 56.25%; \/* 16:9 *\/\n  height: 0;\n}\n.video-container iframe {\n  position: absolute;\n  top: 0;\n  left: 0;\n  width: 100%;\n  height: 100%;\n}\n<\/style>\n<div class=\"video-container\">\n    <iframe loading=\"lazy\" title=\"YouTube video player\" src=\"https:\/\/www.youtube.com\/embed\/dC6Oj_Wl368\" width=\"560\" height=\"315\" frameborder=\"0\" allowfullscreen=\"allowfullscreen\"><\/iframe>\n<\/div>\n<p style=\"text-align: center;margin: 40px 0;\"><a href=\"https:\/\/self.julianus.lv\/debts\" target=\"_blank\" rel=\"noopener\" style=\"\n    padding: 10px 35px;\n    background-color: #BACC5A;\n    color: #fff;\n\">Enter the self-service <\/a><\/p>\n","protected":false},"excerpt":{"rendered":"<p>Enter the self-service<\/p>\n","protected":false},"author":1,"featured_media":0,"parent":1617,"menu_order":8,"comment_status":"closed","ping_status":"closed","template":"","meta":{"_acf_changed":false,"footnotes":""},"class_list":["post-6551","page","type-page","status-publish","hentry"],"acf":[],"yoast_head":"<!-- This site is optimized with the Yoast SEO plugin v26.4 - https:\/\/yoast.com\/wordpress\/plugins\/seo\/ -->\n<title>Par\u0101da grafika sast\u0101d\u012b\u0161an\u0101 - Julianus<\/title>\n<meta name=\"robots\" content=\"index, follow, max-snippet:-1, max-image-preview:large, max-video-preview:-1\" \/>\n<link rel=\"canonical\" href=\"https:\/\/julianus.lv\/en\/for-debtors\/faqs\/parada-grafika-sastadisana\/\" \/>\n<meta property=\"og:locale\" content=\"en_US\" \/>\n<meta property=\"og:type\" content=\"article\" \/>\n<meta property=\"og:title\" content=\"Par\u0101da grafika sast\u0101d\u012b\u0161an\u0101 - Julianus\" \/>\n<meta property=\"og:description\" content=\"Enter the self-service\" \/>\n<meta property=\"og:url\" content=\"https:\/\/julianus.lv\/en\/for-debtors\/faqs\/parada-grafika-sastadisana\/\" \/>\n<meta property=\"og:site_name\" content=\"Julianus\" \/>\n<meta property=\"article:modified_time\" content=\"2023-07-21T16:32:23+00:00\" \/>\n<meta name=\"twitter:card\" content=\"summary_large_image\" \/>\n<meta name=\"twitter:label1\" content=\"Est. reading time\" \/>\n\t<meta name=\"twitter:data1\" content=\"1 minute\" \/>\n<script type=\"application\/ld+json\" class=\"yoast-schema-graph\">{\"@context\":\"https:\/\/schema.org\",\"@graph\":[{\"@type\":\"WebPage\",\"@id\":\"https:\/\/julianus.lv\/en\/for-debtors\/faqs\/parada-grafika-sastadisana\/\",\"url\":\"https:\/\/julianus.lv\/en\/for-debtors\/faqs\/parada-grafika-sastadisana\/\",\"name\":\"Par\u0101da grafika sast\u0101d\u012b\u0161an\u0101 - Julianus\",\"isPartOf\":{\"@id\":\"https:\/\/julianus.lv\/en\/#website\"},\"datePublished\":\"2023-07-11T05:52:21+00:00\",\"dateModified\":\"2023-07-21T16:32:23+00:00\",\"breadcrumb\":{\"@id\":\"https:\/\/julianus.lv\/en\/for-debtors\/faqs\/parada-grafika-sastadisana\/#breadcrumb\"},\"inLanguage\":\"en-US\",\"potentialAction\":[{\"@type\":\"ReadAction\",\"target\":[\"https:\/\/julianus.lv\/en\/for-debtors\/faqs\/parada-grafika-sastadisana\/\"]}]},{\"@type\":\"BreadcrumbList\",\"@id\":\"https:\/\/julianus.lv\/en\/for-debtors\/faqs\/parada-grafika-sastadisana\/#breadcrumb\",\"itemListElement\":[{\"@type\":\"ListItem\",\"position\":1,\"name\":\"Home\",\"item\":\"https:\/\/julianus.lv\/en\/\"},{\"@type\":\"ListItem\",\"position\":2,\"name\":\"For Debtors\",\"item\":\"https:\/\/julianus.lv\/en\/for-debtors\/\"},{\"@type\":\"ListItem\",\"position\":3,\"name\":\"FAQs\",\"item\":\"https:\/\/julianus.lv\/en\/for-debtors\/faqs\/\"},{\"@type\":\"ListItem\",\"position\":4,\"name\":\"Par\u0101da grafika sast\u0101d\u012b\u0161an\u0101\"}]},{\"@type\":\"WebSite\",\"@id\":\"https:\/\/julianus.lv\/en\/#website\",\"url\":\"https:\/\/julianus.lv\/en\/\",\"name\":\"Julianus\",\"description\":\"\",\"potentialAction\":[{\"@type\":\"SearchAction\",\"target\":{\"@type\":\"EntryPoint\",\"urlTemplate\":\"https:\/\/julianus.lv\/en\/?s={search_term_string}\"},\"query-input\":{\"@type\":\"PropertyValueSpecification\",\"valueRequired\":true,\"valueName\":\"search_term_string\"}}],\"inLanguage\":\"en-US\"}]}<\/script>\n<!-- \/ Yoast SEO plugin. -->","yoast_head_json":{"title":"Par\u0101da grafika sast\u0101d\u012b\u0161an\u0101 - Julianus","robots":{"index":"index","follow":"follow","max-snippet":"max-snippet:-1","max-image-preview":"max-image-preview:large","max-video-preview":"max-video-preview:-1"},"canonical":"https:\/\/julianus.lv\/en\/for-debtors\/faqs\/parada-grafika-sastadisana\/","og_locale":"en_US","og_type":"article","og_title":"Par\u0101da grafika sast\u0101d\u012b\u0161an\u0101 - Julianus","og_description":"Enter the self-service","og_url":"https:\/\/julianus.lv\/en\/for-debtors\/faqs\/parada-grafika-sastadisana\/","og_site_name":"Julianus","article_modified_time":"2023-07-21T16:32:23+00:00","twitter_card":"summary_large_image","twitter_misc":{"Est. reading time":"1 minute"},"schema":{"@context":"https:\/\/schema.org","@graph":[{"@type":"WebPage","@id":"https:\/\/julianus.lv\/en\/for-debtors\/faqs\/parada-grafika-sastadisana\/","url":"https:\/\/julianus.lv\/en\/for-debtors\/faqs\/parada-grafika-sastadisana\/","name":"Par\u0101da grafika sast\u0101d\u012b\u0161an\u0101 - Julianus","isPartOf":{"@id":"https:\/\/julianus.lv\/en\/#website"},"datePublished":"2023-07-11T05:52:21+00:00","dateModified":"2023-07-21T16:32:23+00:00","breadcrumb":{"@id":"https:\/\/julianus.lv\/en\/for-debtors\/faqs\/parada-grafika-sastadisana\/#breadcrumb"},"inLanguage":"en-US","potentialAction":[{"@type":"ReadAction","target":["https:\/\/julianus.lv\/en\/for-debtors\/faqs\/parada-grafika-sastadisana\/"]}]},{"@type":"BreadcrumbList","@id":"https:\/\/julianus.lv\/en\/for-debtors\/faqs\/parada-grafika-sastadisana\/#breadcrumb","itemListElement":[{"@type":"ListItem","position":1,"name":"Home","item":"https:\/\/julianus.lv\/en\/"},{"@type":"ListItem","position":2,"name":"For Debtors","item":"https:\/\/julianus.lv\/en\/for-debtors\/"},{"@type":"ListItem","position":3,"name":"FAQs","item":"https:\/\/julianus.lv\/en\/for-debtors\/faqs\/"},{"@type":"ListItem","position":4,"name":"Par\u0101da grafika sast\u0101d\u012b\u0161an\u0101"}]},{"@type":"WebSite","@id":"https:\/\/julianus.lv\/en\/#website","url":"https:\/\/julianus.lv\/en\/","name":"Julianus","description":"","potentialAction":[{"@type":"SearchAction","target":{"@type":"EntryPoint","urlTemplate":"https:\/\/julianus.lv\/en\/?s={search_term_string}"},"query-input":{"@type":"PropertyValueSpecification","valueRequired":true,"valueName":"search_term_string"}}],"inLanguage":"en-US"}]}},"_links":{"self":[{"href":"https:\/\/julianus.lv\/en\/wp-json\/wp\/v2\/pages\/6551","targetHints":{"allow":["GET"]}}],"collection":[{"href":"https:\/\/julianus.lv\/en\/wp-json\/wp\/v2\/pages"}],"about":[{"href":"https:\/\/julianus.lv\/en\/wp-json\/wp\/v2\/types\/page"}],"author":[{"embeddable":true,"href":"https:\/\/julianus.lv\/en\/wp-json\/wp\/v2\/users\/1"}],"replies":[{"embeddable":true,"href":"https:\/\/julianus.lv\/en\/wp-json\/wp\/v2\/comments?post=6551"}],"version-history":[{"count":2,"href":"https:\/\/julianus.lv\/en\/wp-json\/wp\/v2\/pages\/6551\/revisions"}],"predecessor-version":[{"id":6559,"href":"https:\/\/julianus.lv\/en\/wp-json\/wp\/v2\/pages\/6551\/revisions\/6559"}],"up":[{"embeddable":true,"href":"https:\/\/julianus.lv\/en\/wp-json\/wp\/v2\/pages\/1617"}],"wp:attachment":[{"href":"https:\/\/julianus.lv\/en\/wp-json\/wp\/v2\/media?parent=6551"}],"curies":[{"name":"wp","href":"https:\/\/api.w.org\/{rel}","templated":true}]}}